
{"id":468,"date":"2017-01-18T15:28:04","date_gmt":"2017-01-18T14:28:04","guid":{"rendered":"https:\/\/www.netzausstatter.at\/wolkenwerkstatt\/?page_id=468"},"modified":"2017-02-02T12:55:39","modified_gmt":"2017-02-02T11:55:39","slug":"ueber-uns","status":"publish","type":"page","link":"https:\/\/www.netzausstatter.at\/wolkenwerkstatt\/ueber-uns\/","title":{"rendered":"\u00dcber uns &#8211; und \u00fcber diese Website"},"content":{"rendered":"<p>[et_pb_section admin_label=&#8220;section&#8220;][et_pb_row admin_label=&#8220;Zeile&#8220;][et_pb_column type=&#8220;4_4&#8243;][et_pb_post_title admin_label=&#8220;Posttitel&#8220; title=&#8220;on&#8220; meta=&#8220;off&#8220; author=&#8220;on&#8220; date=&#8220;on&#8220; categories=&#8220;on&#8220; comments=&#8220;on&#8220; featured_image=&#8220;off&#8220; featured_placement=&#8220;below&#8220; parallax_effect=&#8220;on&#8220; parallax_method=&#8220;on&#8220; text_orientation=&#8220;left&#8220; text_color=&#8220;dark&#8220; text_background=&#8220;off&#8220; text_bg_color=&#8220;rgba(255,255,255,0.9)&#8220; module_bg_color=&#8220;rgba(255,255,255,0)&#8220; use_border_color=&#8220;off&#8220; border_color=&#8220;#ffffff&#8220; border_style=&#8220;solid&#8220;] <br \/>\n [\/et_pb_post_title][\/et_pb_column][\/et_pb_row][et_pb_row admin_label=&#8220;Zeile&#8220;][et_pb_column type=&#8220;4_4&#8243;][et_pb_text admin_label=&#8220;Text&#8220; background_layout=&#8220;light&#8220; text_orientation=&#8220;left&#8220; use_border_color=&#8220;off&#8220; border_color=&#8220;#ffffff&#8220; border_style=&#8220;solid&#8220; custom_css_main_element=&#8220;padding-bottom: 0;||margin-bottom: 0;&#8220;]<\/p>\n<p>Die <em>Wiener Wolkenwerkstatt<\/em> ist ein Familienbetrieb, der durch seine Innovationsfreude und durch das unerm\u00fcdliche Engagement aller Beteiligten auch in der dritten Generation &#8222;im Gesch\u00e4ft&#8220; und am Puls der Zeit ist. Hier stellen wir Ihnen Ihre Ansprechpartner vor:<\/p>\n<p>[\/et_pb_text][\/et_pb_column][\/et_pb_row][et_pb_row admin_label=&#8220;row&#8220; make_fullwidth=&#8220;off&#8220; use_custom_width=&#8220;off&#8220; width_unit=&#8220;on&#8220; use_custom_gutter=&#8220;off&#8220; allow_player_pause=&#8220;off&#8220; parallax=&#8220;off&#8220; parallax_method=&#8220;off&#8220; make_equal=&#8220;on&#8220; parallax_1=&#8220;off&#8220; parallax_method_1=&#8220;off&#8220; parallax_2=&#8220;off&#8220; parallax_method_2=&#8220;off&#8220; parallax_3=&#8220;off&#8220; parallax_method_3=&#8220;off&#8220;][et_pb_column type=&#8220;1_3&#8243;][et_pb_team_member admin_label=&#8220;Erwin (junior)&#8220; name=&#8220;Erwin Schafzeeler&#8220; position=&#8220;Wolkenwart, Office und IT&#8220; animation=&#8220;left&#8220; background_layout=&#8220;light&#8220; use_border_color=&#8220;on&#8220; border_color=&#8220;#ededed&#8220; border_style=&#8220;solid&#8220; image_url=&#8220;https:\/\/www.netzausstatter.at\/wolkenwerkstatt\/wp-content\/uploads\/2017\/01\/2_buntstiftschraffur.jpg&#8220;]<\/p>\n<p>Ihr erster Ansprechpartner f\u00fcr W\u00fcnsche aller Art. Hat die Sharing-Plattform mit aufgebaut und kennt alle Wolken wie seine Westentasche.<\/p>\n<p><a href=\"mailto:erwin.schafzeeler@netzausstatter.at\">erwin.schafzeeler@netzausstatter.at<\/a><\/p>\n<p>[\/et_pb_team_member][\/et_pb_column][et_pb_column type=&#8220;1_3&#8243;][et_pb_team_member admin_label=&#8220;Birgit&#8220; name=&#8220;Birgit Schafzeeler&#8220; position=&#8220;Creative Director&#8220; image_url=&#8220;https:\/\/www.netzausstatter.at\/wolkenwerkstatt\/wp-content\/uploads\/2017\/01\/Schmetterling_Gesaeuse_160.jpg&#8220; animation=&#8220;bottom&#8220; background_layout=&#8220;light&#8220; use_border_color=&#8220;off&#8220; border_color=&#8220;#ffffff&#8220; border_style=&#8220;solid&#8220;]<\/p>\n<p>Sie ist das Mastermind hinter den F\u00e4rbungs- und Beleuchtungskonzepten sowie bei der Konzeption und Planung von Ma\u00dfanfertigungen.<\/p>\n<p><a href=\"mailto:birgit.schafzeeler@netzausstatter.at\">birgit.schafzeeler@netzausstatter.at<\/a><\/p>\n<p>[\/et_pb_team_member][\/et_pb_column][et_pb_column type=&#8220;1_3&#8243;][et_pb_team_member admin_label=&#8220;Franz (senior)&#8220; name=&#8220;Franz Schafzeeler&#8220; position=&#8220;Seniorchef&#8220; image_url=&#8220;https:\/\/www.netzausstatter.at\/wolkenwerkstatt\/wp-content\/uploads\/2017\/01\/amsel1.jpg&#8220; animation=&#8220;right&#8220; background_layout=&#8220;light&#8220; use_border_color=&#8220;off&#8220; border_color=&#8220;#ffffff&#8220; border_style=&#8220;solid&#8220;]<\/p>\n<p>Gr\u00fcnder des Unternehmens. Seine jahrzehnte\u00adlange Erfahrung flie\u00dft vor allem in die Ma\u00df\u00adfertigung und in heikle Wartungsvorg\u00e4nge ein.<\/p>\n<p><a href=\"mailto:franz.schafzeeler@netzausstatter.at\">franz.schafzeeler@netzausstatter.at<\/a><\/p>\n<p>[\/et_pb_team_member][\/et_pb_column][\/et_pb_row][et_pb_row admin_label=&#8220;Zeile&#8220;][et_pb_column type=&#8220;4_4&#8243;][et_pb_divider admin_label=&#8220;Teiler&#8220; color=&#8220;#d6d6d6&#8243; show_divider=&#8220;on&#8220; divider_style=&#8220;solid&#8220; divider_position=&#8220;center&#8220; hide_on_mobile=&#8220;off&#8220;] <br \/>\n [\/et_pb_divider][\/et_pb_column][\/et_pb_row][et_pb_row admin_label=&#8220;Zeile&#8220;][et_pb_column type=&#8220;1_4&#8243;][\/et_pb_column][et_pb_column type=&#8220;1_2&#8243;][et_pb_text admin_label=&#8220;Text&#8220; background_layout=&#8220;light&#8220; text_orientation=&#8220;left&#8220; use_border_color=&#8220;off&#8220; border_color=&#8220;#ffffff&#8220; border_style=&#8220;solid&#8220; module_class=&#8220;netzausstatter-info_auf_ueber_uns&#8220;]<\/p>\n<h1 style=\"margin: 0.8rem 0; font-size: 2rem;\">Aber jetzt im Ernst \u2013 \u00fcber diese Website<\/h1>\n<p>Es freut mich, dass Sie bis hierher gelesen haben! Wie Sie wahrscheinlich schon bemerkt haben, ist die <em>Wiener Wolkenwerkstatt<\/em> etwas, was &#8222;im richtigen Leben&#8220; nicht existiert \u2013 nur die Fotos sind echt und wurden \u00fcbrigens fast alle von mir selbst aufgenommen.<\/p>\n<p><a href=\"https:\/\/www.netzausstatter.at\/wolkenwerkstatt\/wp-content\/uploads\/2017\/01\/Johannes_Prischl_14.jpg\"><img loading=\"lazy\" class=\"size-thumbnail wp-image-475 alignleft\" src=\"https:\/\/www.netzausstatter.at\/wolkenwerkstatt\/wp-content\/uploads\/2017\/01\/Johannes_Prischl_14-150x150.jpg\" alt=\"\" width=\"150\" height=\"150\" srcset=\"https:\/\/www.netzausstatter.at\/wolkenwerkstatt\/wp-content\/uploads\/2017\/01\/Johannes_Prischl_14-150x150.jpg 150w, https:\/\/www.netzausstatter.at\/wolkenwerkstatt\/wp-content\/uploads\/2017\/01\/Johannes_Prischl_14-300x300.jpg 300w, https:\/\/www.netzausstatter.at\/wolkenwerkstatt\/wp-content\/uploads\/2017\/01\/Johannes_Prischl_14-768x768.jpg 768w, https:\/\/www.netzausstatter.at\/wolkenwerkstatt\/wp-content\/uploads\/2017\/01\/Johannes_Prischl_14-1024x1024.jpg 1024w, https:\/\/www.netzausstatter.at\/wolkenwerkstatt\/wp-content\/uploads\/2017\/01\/Johannes_Prischl_14-1080x1080.jpg 1080w, https:\/\/www.netzausstatter.at\/wolkenwerkstatt\/wp-content\/uploads\/2017\/01\/Johannes_Prischl_14.jpg 1583w\" sizes=\"(max-width: 150px) 100vw, 150px\" \/><\/a>Ich, das bin also ich, der das alles gemacht hat, nicht nur die Texte und Fotos, sondern vor allem die Website: Mein Name ist <strong>Johannes Prischl<\/strong>, ich bin unter meinem Label <strong><span style=\"color: #659732;\">netzausstatter.at | webdesign en d\u00e9tail<\/span><\/strong> als selbst\u00e4ndiger Webdesigner und -Entwickler in Wien t\u00e4tig.<\/p>\n<p>Diese Website ist eine meiner Musterwebsites, mit denen ich interessierten Menschen (als Erg\u00e4nzung zu meinen &#8222;echten&#8220; Websites) demonstrieren m\u00f6chte, was ich ihnen anbieten kann. Diese Website (also alle Seiten der <em>Wiener Wolkenwerkstatt<\/em>) ist in WordPress erstellt, einem Content Management System, das dem\/der Seiteninhaber\/in u.a. erlaubt, selbst \u00c4nderungen und Aktualisierungen am Inhalt der Website vorzunehmen sowie eigene Beitr\u00e4ge zu erstellen. Zus\u00e4tzlich ist hier eine Sammlung teilweise vorgefertigter Elemente und Funktionen zur Anwendung gekommen, die es mir erm\u00f6glicht, damit erstellte Websites g\u00fcnstiger anzubieten als &#8222;ma\u00dfgeschneiderte&#8220;.<\/p>\n<p>Anstelle der &#8222;Wiener Wolkenwerkstatt&#8220; kann man sich als Thema einer so erstellten Seite nat\u00fcrlich eine beliebige Firma, Organisation oder auch Einzelperson vorstellen. Eine \u00dcbersicht \u00fcber weitere Websites, die ich gemacht habe, finden Sie auf der Seite <a href=\"https:\/\/www.netzausstatter.at\/seiten\/portfolio.php\">Portfolio<\/a> meiner eigenen Website. Informationen \u00fcber mich finden Sie <a href=\"https:\/\/www.netzausstatter.at\/seiten\/information.php\">hier<\/a>, und wenn Sie mich kontaktieren m\u00f6chten, finden Sie die entsprechenden Daten <a href=\"https:\/\/www.netzausstatter.at\/seiten\/kontakt.php\">auf der Kontaktseite<\/a>. Und falls Sie Feedback auf Facebook hinterlassen m\u00f6chten: Den Link zu meiner Facebook-Seite finden Sie unten im Footer-Bereich.<\/p>\n<p>Ich w\u00fcrde mich freuen, von Ihnen zu h\u00f6ren.<\/p>\n<p class=\"anmerkung1\">Herzlichen Dank an Markus Lidauer, Petra Sandner und Annemarie Schallhart, von denen jene Fotos stammen, die ich nicht selbst gemacht habe!<\/p>\n<p>[\/et_pb_text][\/et_pb_column][et_pb_column type=&#8220;1_4&#8243;][\/et_pb_column][\/et_pb_row][\/et_pb_section]<\/p>\n","protected":false},"excerpt":{"rendered":"<p>[et_pb_section admin_label=&#8220;section&#8220;][et_pb_row admin_label=&#8220;Zeile&#8220;][et_pb_column type=&#8220;4_4&#8243;][et_pb_post_title admin_label=&#8220;Posttitel&#8220; title=&#8220;on&#8220; meta=&#8220;off&#8220; author=&#8220;on&#8220; date=&#8220;on&#8220; categories=&#8220;on&#8220; comments=&#8220;on&#8220; featured_image=&#8220;off&#8220; featured_placement=&#8220;below&#8220; parallax_effect=&#8220;on&#8220; parallax_method=&#8220;on&#8220; text_orientation=&#8220;left&#8220; text_color=&#8220;dark&#8220; text_background=&#8220;off&#8220; text_bg_color=&#8220;rgba(255,255,255,0.9)&#8220; module_bg_color=&#8220;rgba(255,255,255,0)&#8220; use_border_color=&#8220;off&#8220; border_color=&#8220;#ffffff&#8220; border_style=&#8220;solid&#8220;] [\/et_pb_post_title][\/et_pb_column][\/et_pb_row][et_pb_row admin_label=&#8220;Zeile&#8220;][et_pb_column type=&#8220;4_4&#8243;][et_pb_text admin_label=&#8220;Text&#8220; background_layout=&#8220;light&#8220; text_orientation=&#8220;left&#8220; use_border_color=&#8220;off&#8220; border_color=&#8220;#ffffff&#8220; border_style=&#8220;solid&#8220; custom_css_main_element=&#8220;padding-bottom: 0;||margin-bottom: 0;&#8220;] Die Wiener Wolkenwerkstatt ist ein Familienbetrieb, der durch seine Innovationsfreude und durch das unerm\u00fcdliche Engagement aller Beteiligten auch in der [&hellip;]<\/p>\n","protected":false},"author":1,"featured_media":0,"parent":0,"menu_order":0,"comment_status":"closed","ping_status":"closed","template":"","meta":{"_et_pb_use_builder":"on","_et_pb_old_content":"","_et_gb_content_width":""},"_links":{"self":[{"href":"https:\/\/www.netzausstatter.at\/wolkenwerkstatt\/wp-json\/wp\/v2\/pages\/468"}],"collection":[{"href":"https:\/\/www.netzausstatter.at\/wolkenwerkstatt\/wp-json\/wp\/v2\/pages"}],"about":[{"href":"https:\/\/www.netzausstatter.at\/wolkenwerkstatt\/wp-json\/wp\/v2\/types\/page"}],"author":[{"embeddable":true,"href":"https:\/\/www.netzausstatter.at\/wolkenwerkstatt\/wp-json\/wp\/v2\/users\/1"}],"replies":[{"embeddable":true,"href":"https:\/\/www.netzausstatter.at\/wolkenwerkstatt\/wp-json\/wp\/v2\/comments?post=468"}],"version-history":[{"count":47,"href":"https:\/\/www.netzausstatter.at\/wolkenwerkstatt\/wp-json\/wp\/v2\/pages\/468\/revisions"}],"predecessor-version":[{"id":802,"href":"https:\/\/www.netzausstatter.at\/wolkenwerkstatt\/wp-json\/wp\/v2\/pages\/468\/revisions\/802"}],"wp:attachment":[{"href":"https:\/\/www.netzausstatter.at\/wolkenwerkstatt\/wp-json\/wp\/v2\/media?parent=468"}],"curies":[{"name":"wp","href":"https:\/\/api.w.org\/{rel}","templated":true}]}}