
{"id":424,"date":"2017-01-17T21:11:26","date_gmt":"2017-01-17T20:11:26","guid":{"rendered":"https:\/\/www.netzausstatter.at\/wolkenwerkstatt\/?page_id=424"},"modified":"2017-01-31T19:31:49","modified_gmt":"2017-01-31T18:31:49","slug":"wolkensharing","status":"publish","type":"page","link":"https:\/\/www.netzausstatter.at\/wolkenwerkstatt\/wolkensharing\/","title":{"rendered":"Wolkensharing"},"content":{"rendered":"<p>[et_pb_section admin_label=&#8220;section&#8220;][et_pb_row admin_label=&#8220;Zeile&#8220;][et_pb_column type=&#8220;4_4&#8243;][et_pb_post_title admin_label=&#8220;Posttitel&#8220; title=&#8220;on&#8220; meta=&#8220;off&#8220; author=&#8220;on&#8220; date=&#8220;on&#8220; categories=&#8220;on&#8220; comments=&#8220;on&#8220; featured_image=&#8220;off&#8220; featured_placement=&#8220;below&#8220; parallax_effect=&#8220;on&#8220; parallax_method=&#8220;on&#8220; text_orientation=&#8220;left&#8220; text_color=&#8220;dark&#8220; text_background=&#8220;off&#8220; text_bg_color=&#8220;rgba(255,255,255,0.9)&#8220; module_bg_color=&#8220;rgba(255,255,255,0)&#8220; use_border_color=&#8220;off&#8220; border_color=&#8220;#ffffff&#8220; border_style=&#8220;solid&#8220;]<\/p>\n<p>&nbsp;<\/p>\n<p>[\/et_pb_post_title][\/et_pb_column][\/et_pb_row][et_pb_row admin_label=&#8220;Zeile&#8220;][et_pb_column type=&#8220;4_4&#8243;][et_pb_text admin_label=&#8220;Text&#8220; background_layout=&#8220;light&#8220; text_orientation=&#8220;left&#8220; use_border_color=&#8220;off&#8220; border_color=&#8220;#ffffff&#8220; border_style=&#8220;solid&#8220;]<\/p>\n<p><img loading=\"lazy\" class=\"float_img1_rechts alignnone wp-image-248\" src=\"https:\/\/www.netzausstatter.at\/wolkenwerkstatt\/wp-content\/uploads\/2017\/01\/Lagune_BestOf_241-768x576.jpg\" alt=\"Wolkensharing in den Bergen\" width=\"768\" height=\"576\" srcset=\"https:\/\/www.netzausstatter.at\/wolkenwerkstatt\/wp-content\/uploads\/2017\/01\/Lagune_BestOf_241-768x576.jpg 768w, https:\/\/www.netzausstatter.at\/wolkenwerkstatt\/wp-content\/uploads\/2017\/01\/Lagune_BestOf_241-300x225.jpg 300w, https:\/\/www.netzausstatter.at\/wolkenwerkstatt\/wp-content\/uploads\/2017\/01\/Lagune_BestOf_241-1024x768.jpg 1024w, https:\/\/www.netzausstatter.at\/wolkenwerkstatt\/wp-content\/uploads\/2017\/01\/Lagune_BestOf_241-510x382.jpg 510w, https:\/\/www.netzausstatter.at\/wolkenwerkstatt\/wp-content\/uploads\/2017\/01\/Lagune_BestOf_241-1080x810.jpg 1080w\" sizes=\"(max-width: 768px) 100vw, 768px\" \/>Eine Wolke pro Person? pro Familie? pro Stra\u00dfe? pro Ortschaft oder Stadt? \u2013 Was man wirklich braucht, \u00e4ndert sich st\u00e4ndig. Machmal braucht man \u00fcberhaupt keine Wolken, und ein anderes mal soll es ein ordentliches Gewitter sein.<\/p>\n<p>Wenn sich eine eigene Wolke f\u00fcr Sie nicht auszahlt und Sie oft gar keine, ein anderes mal aber dann gleich viele brauchen, ist Wolkensharing genau das Richtige f\u00fcr Sie! Wir verwalten die Best\u00e4nde des gemeinn\u00fctzigen Vereins Wolkensharing Wien.<\/p>\n<h4>Wie es funktioniert<\/h4>\n<p>Wolkensharing Wien verf\u00fcgt \u00fcber einen umfangreichen Bestand an Wolken aller Art, die von allen Mitgliedern gemeinsam genutzt werden, was f\u00fcr Leute mit einer Wolkennutzung von weniger als 29 Tagen pro Jahr unter vielen Gesichtspunkten wesentlich sinnvoller und nachhaltiger als der Privatbesitz einer Wolke ist.<\/p>\n<p>Bei Bedarf logged man sich am Online-Reservierungsportal ein, sieht sofort, welche Wolken wann zur Verf\u00fcgung stehen und kann mit wenigen Klicks seine gew\u00fcnschten Wolken reservieren &#8211; ab einer Stunde bis zu einer Woche (ab drei Tagen Nutzungszeit sollte allerdings mindestens ein Monat im voraus reserviert werden).<\/p>\n<h4><img loading=\"lazy\" class=\"float_img1_links alignnone wp-image-255\" src=\"https:\/\/www.netzausstatter.at\/wolkenwerkstatt\/wp-content\/uploads\/2017\/01\/Romagna_2015_347-768x576.jpg\" alt=\"Wolkensharing in Bologna\" width=\"768\" height=\"576\" srcset=\"https:\/\/www.netzausstatter.at\/wolkenwerkstatt\/wp-content\/uploads\/2017\/01\/Romagna_2015_347-768x576.jpg 768w, https:\/\/www.netzausstatter.at\/wolkenwerkstatt\/wp-content\/uploads\/2017\/01\/Romagna_2015_347-300x225.jpg 300w, https:\/\/www.netzausstatter.at\/wolkenwerkstatt\/wp-content\/uploads\/2017\/01\/Romagna_2015_347-1024x768.jpg 1024w, https:\/\/www.netzausstatter.at\/wolkenwerkstatt\/wp-content\/uploads\/2017\/01\/Romagna_2015_347-510x382.jpg 510w, https:\/\/www.netzausstatter.at\/wolkenwerkstatt\/wp-content\/uploads\/2017\/01\/Romagna_2015_347-1080x810.jpg 1080w\" sizes=\"(max-width: 768px) 100vw, 768px\" \/>Was wir dabei machen<\/h4>\n<p>Der Wolkenbestand von Wolkensharing Wien wird von uns sorgf\u00e4ltig verwaltet, gepflegt und permanent in gutem Zustand erhalten. Alle Wolken sind von bester Qualit\u00e4t und aus nachhaltigen Quellen. Wir koordinieren auch den Support des Online-Reservierungssystems sowie die Teilnehmerverwaltung.<\/p>\n<h4>Was wird geteilt<\/h4>\n<p>Zur Verf\u00fcgung steht eine Vielzahl von Wolkentypen und -gr\u00f6\u00dfen, von der kleinen, dekorativen Singlewolke \u00fcber romantische Sch\u00f6nwetter-Paarwolken, locker gruppierten Partywolken bis hin zum Mega-Verbund aus Riesenwolken, die z.B. bei gro\u00dfen Events wie dem Donauinselfest zur Anwendung kommen k\u00f6nnen.<\/p>\n<h4>Sie wollen mitmachen?<\/h4>\n<p>Wenn Sie Teil der Wiener Wolkensharing Community werden wollen, wenden Sie sich <a href=\"\/wolkenwerkstatt\/kontakt\">per E-Mail<\/a> an uns und teilen Sie uns Ihre Adresse mit. Wir schicken Ihnen ein Anmeldeformular. Sobald wir dieses ausgef\u00fcllt und unterschrieben von Ihnen erhalten, senden wir Ihnen sofort Ihre pers\u00f6nlichen Zugangsdaten zum Online-Portal.<\/p>\n<p>[\/et_pb_text][\/et_pb_column][\/et_pb_row][et_pb_row admin_label=&#8220;Zeile&#8220;][et_pb_column type=&#8220;4_4&#8243;][et_pb_divider admin_label=&#8220;Teiler&#8220; color=&#8220;#ededed&#8220; show_divider=&#8220;on&#8220; divider_style=&#8220;solid&#8220; divider_position=&#8220;center&#8220; hide_on_mobile=&#8220;off&#8220; saved_tabs=&#8220;all&#8220;]<\/p>\n<p>[\/et_pb_divider][\/et_pb_column][\/et_pb_row][et_pb_row admin_label=&#8220;Zeile&#8220; make_fullwidth=&#8220;off&#8220; use_custom_width=&#8220;off&#8220; width_unit=&#8220;on&#8220; use_custom_gutter=&#8220;off&#8220; allow_player_pause=&#8220;off&#8220; parallax=&#8220;off&#8220; parallax_method=&#8220;off&#8220; make_equal=&#8220;on&#8220; parallax_1=&#8220;off&#8220; parallax_method_1=&#8220;off&#8220; parallax_2=&#8220;off&#8220; parallax_method_2=&#8220;off&#8220;][et_pb_column type=&#8220;1_2&#8243;][et_pb_blurb admin_label=&#8220;Informationstext&#8220; title=&#8220;Wolkenverteilung in Wien&#8220; url_new_window=&#8220;off&#8220; use_icon=&#8220;off&#8220; font_icon=&#8220;%%96%%&#8220; icon_color=&#8220;#f2f2f2&#8243; use_circle=&#8220;on&#8220; circle_color=&#8220;#104ca5&#8243; use_circle_border=&#8220;off&#8220; circle_border_color=&#8220;#7EBEC5&#8243; icon_placement=&#8220;top&#8220; animation=&#8220;left&#8220; background_layout=&#8220;light&#8220; text_orientation=&#8220;left&#8220; use_icon_font_size=&#8220;off&#8220; use_border_color=&#8220;off&#8220; border_color=&#8220;#ffffff&#8220; border_style=&#8220;solid&#8220;]<\/p>\n<p>Der Gro\u00dfteil der Wolken ist in Wien in \u00f6ffentlicher Hand, aber die Sharing-Anteile haben bereits Miet- und Leasingwolken \u00fcberholt \u2013 Privatwolken verlieren immer mehr an Bedeutung.<\/p>\n<p>[\/et_pb_blurb][\/et_pb_column][et_pb_column type=&#8220;1_2&#8243;][et_pb_counters admin_label=&#8220;Balkenz\u00e4hler&#8220; background_layout=&#8220;light&#8220; background_color=&#8220;#4389c1&#8243; bar_bg_color=&#8220;#eaeaea&#8220; use_percentages=&#8220;on&#8220; border_radius=&#8220;0&#8243; use_border_color=&#8220;off&#8220; border_color=&#8220;#ffffff&#8220; border_style=&#8220;solid&#8220; percent_text_color=&#8220;#4389c1&#8243;]<\/p>\n<p>[et_pb_counter percent=&#8220;64.7&#8243;] Wolken in \u00f6ffentlicher Hand [\/et_pb_counter][et_pb_counter percent=&#8220;16.4&#8243;] Sharing-Wolken [\/et_pb_counter][et_pb_counter percent=&#8220;11.8&#8243;] Miet- und Leasingwolken [\/et_pb_counter][et_pb_counter percent=&#8220;7.1&#8243;] Wolken in Privatbesitz [\/et_pb_counter]<\/p>\n<p>[\/et_pb_counters][\/et_pb_column][\/et_pb_row][et_pb_row admin_label=&#8220;Zeile&#8220;][et_pb_column type=&#8220;4_4&#8243;][et_pb_text admin_label=&#8220;Text&#8220; global_module=&#8220;497&#8243; background_layout=&#8220;light&#8220; text_orientation=&#8220;left&#8220; text_font=&#8220;PT Sans||||&#8220; use_border_color=&#8220;off&#8220; border_color=&#8220;#ffffff&#8220; border_style=&#8220;solid&#8220; module_class=&#8220;netzausstatter-anmerkung1&#8243; saved_tabs=&#8220;all&#8220;]<\/p>\n<p>Ein Hinweis: Diese Website ist eine Musterseite von <span style=\"color: #429e2f;\">netzausstatter.at | webdesign en d\u00e9tail<\/span>. Weitere Informationen dazu finden Sie auf der Seite <a href=\"\/ueber_uns\">\u00dcber uns<\/a>.<\/p>\n<p>[\/et_pb_text][\/et_pb_column][\/et_pb_row][\/et_pb_section]<\/p>\n","protected":false},"excerpt":{"rendered":"<p>[et_pb_section admin_label=&#8220;section&#8220;][et_pb_row admin_label=&#8220;Zeile&#8220;][et_pb_column type=&#8220;4_4&#8243;][et_pb_post_title admin_label=&#8220;Posttitel&#8220; title=&#8220;on&#8220; meta=&#8220;off&#8220; author=&#8220;on&#8220; date=&#8220;on&#8220; categories=&#8220;on&#8220; comments=&#8220;on&#8220; featured_image=&#8220;off&#8220; featured_placement=&#8220;below&#8220; parallax_effect=&#8220;on&#8220; parallax_method=&#8220;on&#8220; text_orientation=&#8220;left&#8220; text_color=&#8220;dark&#8220; text_background=&#8220;off&#8220; text_bg_color=&#8220;rgba(255,255,255,0.9)&#8220; module_bg_color=&#8220;rgba(255,255,255,0)&#8220; use_border_color=&#8220;off&#8220; border_color=&#8220;#ffffff&#8220; border_style=&#8220;solid&#8220;] &nbsp; [\/et_pb_post_title][\/et_pb_column][\/et_pb_row][et_pb_row admin_label=&#8220;Zeile&#8220;][et_pb_column type=&#8220;4_4&#8243;][et_pb_text admin_label=&#8220;Text&#8220; background_layout=&#8220;light&#8220; text_orientation=&#8220;left&#8220; use_border_color=&#8220;off&#8220; border_color=&#8220;#ffffff&#8220; border_style=&#8220;solid&#8220;] Eine Wolke pro Person? pro Familie? pro Stra\u00dfe? pro Ortschaft oder Stadt? \u2013 Was man wirklich braucht, \u00e4ndert sich st\u00e4ndig. Machmal braucht [&hellip;]<\/p>\n","protected":false},"author":1,"featured_media":0,"parent":0,"menu_order":0,"comment_status":"closed","ping_status":"closed","template":"","meta":{"_et_pb_use_builder":"on","_et_pb_old_content":"","_et_gb_content_width":""},"_links":{"self":[{"href":"https:\/\/www.netzausstatter.at\/wolkenwerkstatt\/wp-json\/wp\/v2\/pages\/424"}],"collection":[{"href":"https:\/\/www.netzausstatter.at\/wolkenwerkstatt\/wp-json\/wp\/v2\/pages"}],"about":[{"href":"https:\/\/www.netzausstatter.at\/wolkenwerkstatt\/wp-json\/wp\/v2\/types\/page"}],"author":[{"embeddable":true,"href":"https:\/\/www.netzausstatter.at\/wolkenwerkstatt\/wp-json\/wp\/v2\/users\/1"}],"replies":[{"embeddable":true,"href":"https:\/\/www.netzausstatter.at\/wolkenwerkstatt\/wp-json\/wp\/v2\/comments?post=424"}],"version-history":[{"count":27,"href":"https:\/\/www.netzausstatter.at\/wolkenwerkstatt\/wp-json\/wp\/v2\/pages\/424\/revisions"}],"predecessor-version":[{"id":771,"href":"https:\/\/www.netzausstatter.at\/wolkenwerkstatt\/wp-json\/wp\/v2\/pages\/424\/revisions\/771"}],"wp:attachment":[{"href":"https:\/\/www.netzausstatter.at\/wolkenwerkstatt\/wp-json\/wp\/v2\/media?parent=424"}],"curies":[{"name":"wp","href":"https:\/\/api.w.org\/{rel}","templated":true}]}}