
{"id":409,"date":"2017-01-17T18:52:35","date_gmt":"2017-01-17T17:52:35","guid":{"rendered":"https:\/\/www.netzausstatter.at\/wolkenwerkstatt\/?page_id=409"},"modified":"2017-02-01T15:14:46","modified_gmt":"2017-02-01T14:14:46","slug":"wolkenfaerbung","status":"publish","type":"page","link":"https:\/\/www.netzausstatter.at\/wolkenwerkstatt\/wolkenfaerbung\/","title":{"rendered":"Wolkenf\u00e4rbung"},"content":{"rendered":"<p>[et_pb_section admin_label=&#8220;Sektion&#8220; transparent_background=&#8220;off&#8220; allow_player_pause=&#8220;off&#8220; inner_shadow=&#8220;off&#8220; parallax=&#8220;off&#8220; parallax_method=&#8220;on&#8220; make_fullwidth=&#8220;off&#8220; use_custom_width=&#8220;off&#8220; width_unit=&#8220;off&#8220; custom_width_px=&#8220;1080px&#8220; custom_width_percent=&#8220;80%&#8220; make_equal=&#8220;off&#8220; use_custom_gutter=&#8220;off&#8220; fullwidth=&#8220;off&#8220; specialty=&#8220;off&#8220; disabled=&#8220;off&#8220;][et_pb_row admin_label=&#8220;Zeile&#8220; make_fullwidth=&#8220;off&#8220; use_custom_width=&#8220;off&#8220; width_unit=&#8220;off&#8220; custom_width_px=&#8220;1080px&#8220; custom_width_percent=&#8220;80%&#8220; use_custom_gutter=&#8220;off&#8220; gutter_width=&#8220;3&#8243; allow_player_pause=&#8220;off&#8220; parallax=&#8220;off&#8220; parallax_method=&#8220;on&#8220; make_equal=&#8220;off&#8220; parallax_1=&#8220;off&#8220; parallax_method_1=&#8220;on&#8220; parallax_2=&#8220;off&#8220; parallax_method_2=&#8220;on&#8220; parallax_3=&#8220;off&#8220; parallax_method_3=&#8220;on&#8220; parallax_4=&#8220;off&#8220; parallax_method_4=&#8220;on&#8220; disabled=&#8220;off&#8220;][et_pb_column type=&#8220;4_4&#8243;][et_pb_post_title admin_label=&#8220;Posttitel&#8220; title=&#8220;on&#8220; meta=&#8220;off&#8220; author=&#8220;on&#8220; date=&#8220;on&#8220; date_format=&#8220;M j, Y&#8220; categories=&#8220;on&#8220; comments=&#8220;on&#8220; featured_image=&#8220;off&#8220; featured_placement=&#8220;below&#8220; parallax_effect=&#8220;on&#8220; parallax_method=&#8220;on&#8220; text_orientation=&#8220;left&#8220; text_color=&#8220;dark&#8220; text_background=&#8220;off&#8220; text_bg_color=&#8220;rgba(255,255,255,0.9)&#8220; use_border_color=&#8220;off&#8220; border_color=&#8220;#ffffff&#8220; border_width=&#8220;1px&#8220; border_style=&#8220;solid&#8220; disabled=&#8220;off&#8220;] [\/et_pb_post_title][\/et_pb_column][\/et_pb_row][et_pb_row admin_label=&#8220;Zeile&#8220; make_fullwidth=&#8220;off&#8220; use_custom_width=&#8220;off&#8220; width_unit=&#8220;off&#8220; custom_width_px=&#8220;1080px&#8220; custom_width_percent=&#8220;80%&#8220; use_custom_gutter=&#8220;off&#8220; gutter_width=&#8220;3&#8243; allow_player_pause=&#8220;off&#8220; parallax=&#8220;off&#8220; parallax_method=&#8220;on&#8220; make_equal=&#8220;off&#8220; parallax_1=&#8220;off&#8220; parallax_method_1=&#8220;on&#8220; parallax_2=&#8220;off&#8220; parallax_method_2=&#8220;on&#8220; parallax_3=&#8220;off&#8220; parallax_method_3=&#8220;on&#8220; parallax_4=&#8220;off&#8220; parallax_method_4=&#8220;on&#8220; disabled=&#8220;off&#8220;][et_pb_column type=&#8220;4_4&#8243;][et_pb_text admin_label=&#8220;Text&#8220; background_layout=&#8220;light&#8220; text_orientation=&#8220;left&#8220; use_border_color=&#8220;off&#8220; border_style=&#8220;solid&#8220; disabled=&#8220;off&#8220;] <div class='one_third'>\n\t\t\t\t\tWei\u00dfe Wolken sind herrlich &#8211; aber wenn Sie ganz ehrlich sind, werden Sie zugeben: Etwas Farbe ab und zu kann nicht schaden und hebt das Gem\u00fct! Wir verf\u00fcgen \u00fcber ein umfangreiches Repertoire an Farbstoffen und -methoden.\n\t\t\t\t<\/div><div class='one_third'>\n\t\t\t\t\tWir f\u00e4rben Ihre Wolken mit rein biologischen, nachhaltig produzierten F\u00e4rbemitteln. W\u00e4hlen Sie aus unseren Mustern oder kontaktieren Sie uns &#8211; wir schlagen Ihnen gerne eine individuelle F\u00e4rbung vor und gehen auf Ihre W\u00fcnsche ein.\n\t\t\t\t<\/div><div class='one_third et_column_last'>\n\t\t\t\t\tKlicken Sie auf die Bilder, um sie in voller Gr\u00f6\u00dfe zu betrachten und jedes Farbdetail genau zu sehen. Mit den Pfeiltasten k\u00f6nnen Sie vor- und zur\u00fcckschalten.\n\t\t\t\t<\/div><div class='clear'><\/div> [\/et_pb_text][\/et_pb_column][\/et_pb_row][et_pb_row admin_label=&#8220;row&#8220; make_fullwidth=&#8220;off&#8220; use_custom_width=&#8220;off&#8220; width_unit=&#8220;off&#8220; custom_width_px=&#8220;1080px&#8220; custom_width_percent=&#8220;80%&#8220; use_custom_gutter=&#8220;off&#8220; gutter_width=&#8220;3&#8243; allow_player_pause=&#8220;off&#8220; parallax=&#8220;off&#8220; parallax_method=&#8220;on&#8220; make_equal=&#8220;off&#8220; parallax_1=&#8220;off&#8220; parallax_method_1=&#8220;on&#8220; parallax_2=&#8220;off&#8220; parallax_method_2=&#8220;on&#8220; parallax_3=&#8220;off&#8220; parallax_method_3=&#8220;on&#8220; parallax_4=&#8220;off&#8220; parallax_method_4=&#8220;on&#8220; disabled=&#8220;off&#8220;][et_pb_column type=&#8220;4_4&#8243;][et_pb_gallery admin_label=&#8220;Galerie&#8220; gallery_ids=&#8220;65,274,245,232,203,201,202,234,206,227,261,271,208,729,207,226&#8243; fullwidth=&#8220;off&#8220; posts_number=&#8220;16&#8243; show_title_and_caption=&#8220;on&#8220; show_pagination=&#8220;on&#8220; background_layout=&#8220;light&#8220; auto=&#8220;off&#8220; auto_speed=&#8220;7000&#8243; zoom_icon_color=&#8220;#c3cbd8&#8243; hover_overlay_color=&#8220;rgba(15,119,188,0.4)&#8220; hover_icon=&#8220;0&#8243; title_font=&#8220;Cuprum||||&#8220; title_font_size=&#8220;24px&#8220; use_border_color=&#8220;off&#8220; border_color=&#8220;#adadad&#8220; border_style=&#8220;solid&#8220; disabled=&#8220;off&#8220;] [\/et_pb_gallery][\/et_pb_column][\/et_pb_row][et_pb_row admin_label=&#8220;Zeile&#8220; make_fullwidth=&#8220;off&#8220; use_custom_width=&#8220;off&#8220; width_unit=&#8220;off&#8220; custom_width_px=&#8220;1080px&#8220; custom_width_percent=&#8220;80%&#8220; use_custom_gutter=&#8220;off&#8220; gutter_width=&#8220;3&#8243; allow_player_pause=&#8220;off&#8220; parallax=&#8220;off&#8220; parallax_method=&#8220;on&#8220; make_equal=&#8220;off&#8220; parallax_1=&#8220;off&#8220; parallax_method_1=&#8220;on&#8220; parallax_2=&#8220;off&#8220; parallax_method_2=&#8220;on&#8220; parallax_3=&#8220;off&#8220; parallax_method_3=&#8220;on&#8220; parallax_4=&#8220;off&#8220; parallax_method_4=&#8220;on&#8220; disabled=&#8220;off&#8220;][et_pb_column type=&#8220;4_4&#8243;][et_pb_text admin_label=&#8220;Text&#8220; global_module=&#8220;497&#8243; saved_tabs=&#8220;all&#8220; background_layout=&#8220;light&#8220; text_orientation=&#8220;left&#8220; disabled=&#8220;off&#8220; text_font=&#8220;PT Sans||||&#8220; use_border_color=&#8220;off&#8220; border_color=&#8220;#ffffff&#8220; border_style=&#8220;solid&#8220; module_class=&#8220;netzausstatter-anmerkung1&#8243; custom_css_main_element=&#8220;font-size: 0.9rem;&#8220;]<\/p>\n<p>Ein Hinweis: Diese Website ist eine Musterseite von <span style=\"color: #429e2f;\">netzausstatter.at | webdesign en d\u00e9tail<\/span>. Weitere Informationen dazu finden Sie auf der Seite <a href=\"\/wolkenwerkstatt\/ueber_uns\">\u00dcber uns<\/a>.<\/p>\n<p>[\/et_pb_text][\/et_pb_column][\/et_pb_row][\/et_pb_section]<\/p>\n","protected":false},"excerpt":{"rendered":"<p>[et_pb_section admin_label=&#8220;Sektion&#8220; transparent_background=&#8220;off&#8220; allow_player_pause=&#8220;off&#8220; inner_shadow=&#8220;off&#8220; parallax=&#8220;off&#8220; parallax_method=&#8220;on&#8220; make_fullwidth=&#8220;off&#8220; use_custom_width=&#8220;off&#8220; width_unit=&#8220;off&#8220; custom_width_px=&#8220;1080px&#8220; custom_width_percent=&#8220;80%&#8220; make_equal=&#8220;off&#8220; use_custom_gutter=&#8220;off&#8220; fullwidth=&#8220;off&#8220; specialty=&#8220;off&#8220; disabled=&#8220;off&#8220;][et_pb_row admin_label=&#8220;Zeile&#8220; make_fullwidth=&#8220;off&#8220; use_custom_width=&#8220;off&#8220; width_unit=&#8220;off&#8220; custom_width_px=&#8220;1080px&#8220; custom_width_percent=&#8220;80%&#8220; use_custom_gutter=&#8220;off&#8220; gutter_width=&#8220;3&#8243; allow_player_pause=&#8220;off&#8220; parallax=&#8220;off&#8220; parallax_method=&#8220;on&#8220; make_equal=&#8220;off&#8220; parallax_1=&#8220;off&#8220; parallax_method_1=&#8220;on&#8220; parallax_2=&#8220;off&#8220; parallax_method_2=&#8220;on&#8220; parallax_3=&#8220;off&#8220; parallax_method_3=&#8220;on&#8220; parallax_4=&#8220;off&#8220; parallax_method_4=&#8220;on&#8220; disabled=&#8220;off&#8220;][et_pb_column type=&#8220;4_4&#8243;][et_pb_post_title admin_label=&#8220;Posttitel&#8220; title=&#8220;on&#8220; meta=&#8220;off&#8220; author=&#8220;on&#8220; date=&#8220;on&#8220; date_format=&#8220;M j, Y&#8220; categories=&#8220;on&#8220; comments=&#8220;on&#8220; featured_image=&#8220;off&#8220; featured_placement=&#8220;below&#8220; parallax_effect=&#8220;on&#8220; parallax_method=&#8220;on&#8220; text_orientation=&#8220;left&#8220; text_color=&#8220;dark&#8220; [&hellip;]<\/p>\n","protected":false},"author":1,"featured_media":680,"parent":0,"menu_order":0,"comment_status":"closed","ping_status":"closed","template":"","meta":{"_et_pb_use_builder":"on","_et_pb_old_content":"","_et_gb_content_width":""},"_links":{"self":[{"href":"https:\/\/www.netzausstatter.at\/wolkenwerkstatt\/wp-json\/wp\/v2\/pages\/409"}],"collection":[{"href":"https:\/\/www.netzausstatter.at\/wolkenwerkstatt\/wp-json\/wp\/v2\/pages"}],"about":[{"href":"https:\/\/www.netzausstatter.at\/wolkenwerkstatt\/wp-json\/wp\/v2\/types\/page"}],"author":[{"embeddable":true,"href":"https:\/\/www.netzausstatter.at\/wolkenwerkstatt\/wp-json\/wp\/v2\/users\/1"}],"replies":[{"embeddable":true,"href":"https:\/\/www.netzausstatter.at\/wolkenwerkstatt\/wp-json\/wp\/v2\/comments?post=409"}],"version-history":[{"count":9,"href":"https:\/\/www.netzausstatter.at\/wolkenwerkstatt\/wp-json\/wp\/v2\/pages\/409\/revisions"}],"predecessor-version":[{"id":790,"href":"https:\/\/www.netzausstatter.at\/wolkenwerkstatt\/wp-json\/wp\/v2\/pages\/409\/revisions\/790"}],"wp:featuredmedia":[{"embeddable":true,"href":"https:\/\/www.netzausstatter.at\/wolkenwerkstatt\/wp-json\/wp\/v2\/media\/680"}],"wp:attachment":[{"href":"https:\/\/www.netzausstatter.at\/wolkenwerkstatt\/wp-json\/wp\/v2\/media?parent=409"}],"curies":[{"name":"wp","href":"https:\/\/api.w.org\/{rel}","templated":true}]}}