
{"id":403,"date":"2017-01-17T18:50:23","date_gmt":"2017-01-17T17:50:23","guid":{"rendered":"https:\/\/www.netzausstatter.at\/wolkenwerkstatt\/?page_id=403"},"modified":"2017-01-31T19:21:29","modified_gmt":"2017-01-31T18:21:29","slug":"wolkenzaehlung","status":"publish","type":"page","link":"https:\/\/www.netzausstatter.at\/wolkenwerkstatt\/wolkenzaehlung\/","title":{"rendered":"Wolkenz\u00e4hlung"},"content":{"rendered":"<p>[et_pb_section admin_label=&#8220;Sektion&#8220; fullwidth=&#8220;off&#8220; specialty=&#8220;off&#8220;][et_pb_row admin_label=&#8220;Zeile&#8220; make_fullwidth=&#8220;off&#8220; use_custom_width=&#8220;off&#8220; width_unit=&#8220;on&#8220; use_custom_gutter=&#8220;off&#8220; gutter_width=&#8220;4&#8243; allow_player_pause=&#8220;off&#8220; parallax=&#8220;off&#8220; parallax_method=&#8220;off&#8220; make_equal=&#8220;off&#8220; parallax_1=&#8220;off&#8220; parallax_method_1=&#8220;off&#8220; parallax_2=&#8220;off&#8220; parallax_method_2=&#8220;off&#8220; parallax_3=&#8220;off&#8220; parallax_method_3=&#8220;off&#8220;][et_pb_column type=&#8220;1_4&#8243;][\/et_pb_column][et_pb_column type=&#8220;1_2&#8243;][et_pb_blurb admin_label=&#8220;Informationstext&#8220; title=&#8220;Wolkenz\u00e4hlung&#8220; url_new_window=&#8220;off&#8220; use_icon=&#8220;off&#8220; font_icon=&#8220;%%143%%&#8220; icon_color=&#8220;#015084&#8243; use_circle=&#8220;off&#8220; circle_color=&#8220;#7EBEC5&#8243; use_circle_border=&#8220;off&#8220; circle_border_color=&#8220;#7EBEC5&#8243; icon_placement=&#8220;top&#8220; animation=&#8220;top&#8220; background_layout=&#8220;light&#8220; text_orientation=&#8220;left&#8220; use_icon_font_size=&#8220;off&#8220; use_border_color=&#8220;on&#8220; border_color=&#8220;#e5e5e5&#8243; border_style=&#8220;solid&#8220; image=&#8220;https:\/\/www.netzausstatter.at\/wolkenwerkstatt\/wp-content\/uploads\/2017\/01\/IMG_6901_800x270.jpg&#8220; custom_padding=&#8220;25px|25px|25px|25px&#8220;]<\/p>\n<p>Wir z\u00e4hlen f\u00fcr Sie Wolken \u2013 verl\u00e4sslich und effizient, mit weltweit anerkannten und bew\u00e4hrten Methoden. Wir haben beste Referenzen, verl\u00e4ssliche Partner und arbeiten nach IWN4003.<\/p>\n<p>[\/et_pb_blurb][et_pb_number_counter admin_label=&#8220;Z\u00e4hler&#8220; title=&#8220;Aktuelle Anzahl der Wolken im Raum Wien&#8220; number=&#8220;237&#8243; percent_sign=&#8220;off&#8220; counter_color=&#8220;#86b2e3&#8243; background_layout=&#8220;light&#8220; use_border_color=&#8220;on&#8220; border_color=&#8220;#e5e5e5&#8243; border_style=&#8220;solid&#8220; custom_padding=&#8220;25px|25px|25px|25px&#8220; number_text_color=&#8220;#f2db5c&#8220; number_font_size=&#8220;66&#8243;] [\/et_pb_number_counter][et_pb_cta admin_label=&#8220;Handlungsaufruf&#8220; button_url=&#8220;\/wolkenwerkstatt\/kontakt&#8220; url_new_window=&#8220;off&#8220; button_text=&#8220;Kontaktieren Sie uns&#8220; use_background_color=&#8220;off&#8220; background_color=&#8220;#ffffff&#8220; background_layout=&#8220;light&#8220; text_orientation=&#8220;center&#8220; use_border_color=&#8220;off&#8220; border_color=&#8220;#ffffff&#8220; border_style=&#8220;solid&#8220; custom_button=&#8220;off&#8220; button_letter_spacing=&#8220;0&#8243; button_use_icon=&#8220;default&#8220; button_icon_placement=&#8220;right&#8220; button_on_hover=&#8220;on&#8220; button_letter_spacing_hover=&#8220;0&#8243; custom_css_promo_button=&#8220;color: #86B2E3;||border: 1px dotted #86B2E3;||border-radius: 5px;&#8220;]<\/p>\n<p>Haben Sie den \u00dcberblick \u00fcber Ihre Wolken? Wenn Sie nicht sicher sind: Wir stehen Ihnen gerne mit unserer Erfahrung von drei Generationen\u00a0 bei!<\/p>\n<p>[\/et_pb_cta][\/et_pb_column][et_pb_column type=&#8220;1_4&#8243;][\/et_pb_column][\/et_pb_row][et_pb_row admin_label=&#8220;Zeile&#8220;][et_pb_column type=&#8220;4_4&#8243;][et_pb_text admin_label=&#8220;Text&#8220; global_module=&#8220;497&#8243; background_layout=&#8220;light&#8220; text_orientation=&#8220;left&#8220; text_font=&#8220;PT Sans||||&#8220; use_border_color=&#8220;off&#8220; border_color=&#8220;#ffffff&#8220; border_style=&#8220;solid&#8220; module_class=&#8220;netzausstatter-anmerkung1&#8243; saved_tabs=&#8220;all&#8220;]<\/p>\n<p>Ein Hinweis: Diese Website ist eine Musterseite von <span style=\"color: #429e2f;\">netzausstatter.at | webdesign en d\u00e9tail<\/span>. Weitere Informationen dazu finden Sie auf der Seite <a href=\"\/ueber_uns\">\u00dcber uns<\/a>.<\/p>\n<p>[\/et_pb_text][\/et_pb_column][\/et_pb_row][\/et_pb_section]<\/p>\n","protected":false},"excerpt":{"rendered":"<p>[et_pb_section admin_label=&#8220;Sektion&#8220; fullwidth=&#8220;off&#8220; specialty=&#8220;off&#8220;][et_pb_row admin_label=&#8220;Zeile&#8220; make_fullwidth=&#8220;off&#8220; use_custom_width=&#8220;off&#8220; width_unit=&#8220;on&#8220; use_custom_gutter=&#8220;off&#8220; gutter_width=&#8220;4&#8243; allow_player_pause=&#8220;off&#8220; parallax=&#8220;off&#8220; parallax_method=&#8220;off&#8220; make_equal=&#8220;off&#8220; parallax_1=&#8220;off&#8220; parallax_method_1=&#8220;off&#8220; parallax_2=&#8220;off&#8220; parallax_method_2=&#8220;off&#8220; parallax_3=&#8220;off&#8220; parallax_method_3=&#8220;off&#8220;][et_pb_column type=&#8220;1_4&#8243;][\/et_pb_column][et_pb_column type=&#8220;1_2&#8243;][et_pb_blurb admin_label=&#8220;Informationstext&#8220; title=&#8220;Wolkenz\u00e4hlung&#8220; url_new_window=&#8220;off&#8220; use_icon=&#8220;off&#8220; font_icon=&#8220;%%143%%&#8220; icon_color=&#8220;#015084&#8243; use_circle=&#8220;off&#8220; circle_color=&#8220;#7EBEC5&#8243; use_circle_border=&#8220;off&#8220; circle_border_color=&#8220;#7EBEC5&#8243; icon_placement=&#8220;top&#8220; animation=&#8220;top&#8220; background_layout=&#8220;light&#8220; text_orientation=&#8220;left&#8220; use_icon_font_size=&#8220;off&#8220; use_border_color=&#8220;on&#8220; border_color=&#8220;#e5e5e5&#8243; border_style=&#8220;solid&#8220; image=&#8220;https:\/\/www.netzausstatter.at\/wolkenwerkstatt\/wp-content\/uploads\/2017\/01\/IMG_6901_800x270.jpg&#8220; custom_padding=&#8220;25px|25px|25px|25px&#8220;] Wir z\u00e4hlen f\u00fcr Sie Wolken \u2013 verl\u00e4sslich und effizient, mit weltweit anerkannten und [&hellip;]<\/p>\n","protected":false},"author":1,"featured_media":0,"parent":0,"menu_order":0,"comment_status":"closed","ping_status":"closed","template":"","meta":{"_et_pb_use_builder":"on","_et_pb_old_content":"","_et_gb_content_width":""},"_links":{"self":[{"href":"https:\/\/www.netzausstatter.at\/wolkenwerkstatt\/wp-json\/wp\/v2\/pages\/403"}],"collection":[{"href":"https:\/\/www.netzausstatter.at\/wolkenwerkstatt\/wp-json\/wp\/v2\/pages"}],"about":[{"href":"https:\/\/www.netzausstatter.at\/wolkenwerkstatt\/wp-json\/wp\/v2\/types\/page"}],"author":[{"embeddable":true,"href":"https:\/\/www.netzausstatter.at\/wolkenwerkstatt\/wp-json\/wp\/v2\/users\/1"}],"replies":[{"embeddable":true,"href":"https:\/\/www.netzausstatter.at\/wolkenwerkstatt\/wp-json\/wp\/v2\/comments?post=403"}],"version-history":[{"count":10,"href":"https:\/\/www.netzausstatter.at\/wolkenwerkstatt\/wp-json\/wp\/v2\/pages\/403\/revisions"}],"predecessor-version":[{"id":768,"href":"https:\/\/www.netzausstatter.at\/wolkenwerkstatt\/wp-json\/wp\/v2\/pages\/403\/revisions\/768"}],"wp:attachment":[{"href":"https:\/\/www.netzausstatter.at\/wolkenwerkstatt\/wp-json\/wp\/v2\/media?parent=403"}],"curies":[{"name":"wp","href":"https:\/\/api.w.org\/{rel}","templated":true}]}}