
{"id":389,"date":"2017-01-17T18:26:34","date_gmt":"2017-01-17T17:26:34","guid":{"rendered":"https:\/\/www.netzausstatter.at\/wolkenwerkstatt\/?page_id=389"},"modified":"2017-02-01T15:18:34","modified_gmt":"2017-02-01T14:18:34","slug":"massanfertigungen","status":"publish","type":"page","link":"https:\/\/www.netzausstatter.at\/wolkenwerkstatt\/massanfertigungen\/","title":{"rendered":"Ma\u00dfanfertigungen"},"content":{"rendered":"<p>[et_pb_section admin_label=&#8220;section&#8220;][et_pb_row admin_label=&#8220;Zeile&#8220;][et_pb_column type=&#8220;4_4&#8243;][et_pb_post_title admin_label=&#8220;Posttitel&#8220; title=&#8220;on&#8220; meta=&#8220;off&#8220; author=&#8220;on&#8220; date=&#8220;on&#8220; categories=&#8220;on&#8220; comments=&#8220;on&#8220; featured_image=&#8220;off&#8220; featured_placement=&#8220;below&#8220; parallax_effect=&#8220;on&#8220; parallax_method=&#8220;on&#8220; text_orientation=&#8220;left&#8220; text_color=&#8220;dark&#8220; text_background=&#8220;off&#8220; text_bg_color=&#8220;rgba(255,255,255,0.9)&#8220; module_bg_color=&#8220;rgba(255,255,255,0)&#8220; use_border_color=&#8220;off&#8220; border_color=&#8220;#ffffff&#8220; border_style=&#8220;solid&#8220; title_font_size=&#8220;36px&#8220;] [\/et_pb_post_title][\/et_pb_column][\/et_pb_row][et_pb_row admin_label=&#8220;row&#8220; make_fullwidth=&#8220;off&#8220; use_custom_width=&#8220;off&#8220; width_unit=&#8220;on&#8220; use_custom_gutter=&#8220;off&#8220; allow_player_pause=&#8220;off&#8220; parallax=&#8220;off&#8220; parallax_method=&#8220;off&#8220; make_equal=&#8220;on&#8220; parallax_1=&#8220;off&#8220; parallax_method_1=&#8220;off&#8220; parallax_2=&#8220;off&#8220; parallax_method_2=&#8220;off&#8220; parallax_3=&#8220;off&#8220; parallax_method_3=&#8220;off&#8220;][et_pb_column type=&#8220;1_3&#8243;][et_pb_blurb admin_label=&#8220;Halloween&#8220; title=&#8220;Modell %22Halloween%22&#8243; url_new_window=&#8220;off&#8220; use_icon=&#8220;off&#8220; font_icon=&#8220;%%96%%&#8220; icon_color=&#8220;#8f8f8f&#8220; use_circle=&#8220;off&#8220; circle_color=&#8220;#7EBEC5&#8243; use_circle_border=&#8220;off&#8220; circle_border_color=&#8220;#7EBEC5&#8243; icon_placement=&#8220;top&#8220; animation=&#8220;top&#8220; background_layout=&#8220;light&#8220; text_orientation=&#8220;left&#8220; use_icon_font_size=&#8220;off&#8220; use_border_color=&#8220;off&#8220; border_color=&#8220;#ffffff&#8220; border_style=&#8220;solid&#8220; image=&#8220;https:\/\/www.netzausstatter.at\/wolkenwerkstatt\/wp-content\/uploads\/2017\/01\/IMG_1394_600x450.jpg&#8220;]<\/p>\n<p>Ein eher dekoratives Modell, wird vor allem abends verwendet. In der Form flexibel, kann vom Kunden noch angepasst werden.<\/p>\n<p>In unterschiedlichen F\u00e4rbungen m\u00f6glich, leichte Transparenz verleiht diesem Modell einen leicht sph\u00e4rischen Charakter.<\/p>\n<p>[\/et_pb_blurb][et_pb_blurb admin_label=&#8220;S&#8217;zilien&#8220; title=&#8220;Modell %22S&#8217;zilien%22&#8243; url_new_window=&#8220;off&#8220; use_icon=&#8220;off&#8220; icon_color=&#8220;#7EBEC5&#8243; use_circle=&#8220;off&#8220; circle_color=&#8220;#7EBEC5&#8243; use_circle_border=&#8220;off&#8220; circle_border_color=&#8220;#7EBEC5&#8243; image=&#8220;https:\/\/www.netzausstatter.at\/wolkenwerkstatt\/wp-content\/uploads\/2017\/01\/IMG_0052_600x450.jpg&#8220; icon_placement=&#8220;top&#8220; animation=&#8220;right&#8220; background_layout=&#8220;light&#8220; text_orientation=&#8220;left&#8220; use_icon_font_size=&#8220;off&#8220; use_border_color=&#8220;off&#8220; border_color=&#8220;#ffffff&#8220; border_style=&#8220;solid&#8220;]<\/p>\n<p>Beliebt vor allem bei italophilen Kunden. Dem Konzept entsprechend auch m\u00f6glich sind z.B. &#8222;M&#8217;llorca&#8220;, &#8222;Gran C&#8217;naria&#8220;, &#8222;Ma&#8217;ta&#8220;, &#8222;Cu&#8217;a&#8220; und &#8222;I&#8217;land&#8220; (zwei Varianten).<\/p>\n<p>Durch den mehrteiligen Aufbau filigran, was den Transport betrifft, daher nur als Sch\u00f6nwetterwolke erh\u00e4ltlich.<\/p>\n<p>[\/et_pb_blurb][\/et_pb_column][et_pb_column type=&#8220;1_3&#8243;][et_pb_blurb admin_label=&#8220;Coppa Grande&#8220; title=&#8220;%22Coppa Grande%22&#8243; url_new_window=&#8220;off&#8220; use_icon=&#8220;off&#8220; font_icon=&#8220;%%96%%&#8220; icon_color=&#8220;#828282&#8243; use_circle=&#8220;off&#8220; circle_color=&#8220;#7EBEC5&#8243; use_circle_border=&#8220;off&#8220; circle_border_color=&#8220;#7EBEC5&#8243; image=&#8220;https:\/\/www.netzausstatter.at\/wolkenwerkstatt\/wp-content\/uploads\/2017\/01\/Coppa_Grande_600x984.jpg&#8220; icon_placement=&#8220;top&#8220; animation=&#8220;top&#8220; background_layout=&#8220;light&#8220; text_orientation=&#8220;left&#8220; use_icon_font_size=&#8220;off&#8220; use_border_color=&#8220;off&#8220; border_color=&#8220;#ffffff&#8220; border_style=&#8220;solid&#8220;]<\/p>\n<p>Ein gr\u00f6\u00dferes Modell, braucht viel Platz, um entsprechend zur Geltung zu kommen.<\/p>\n<p>Wird gerne in Kombination mit flacheren Standardwolken verwendet, wodurch das Gesamtensemble auch f\u00fcr gem\u00e4\u00dfigte Budgets im Rahmen des m\u00f6glichen bleibt.<\/p>\n<p>[\/et_pb_blurb][\/et_pb_column][et_pb_column type=&#8220;1_3&#8243;][et_pb_blurb admin_label=&#8220;Schnitzelland&#8220; title=&#8220;Modell %22Schnitzelland%22&#8243; url_new_window=&#8220;off&#8220; use_icon=&#8220;off&#8220; icon_color=&#8220;#7EBEC5&#8243; use_circle=&#8220;off&#8220; circle_color=&#8220;#7EBEC5&#8243; use_circle_border=&#8220;off&#8220; circle_border_color=&#8220;#7EBEC5&#8243; image=&#8220;https:\/\/www.netzausstatter.at\/wolkenwerkstatt\/wp-content\/uploads\/2017\/01\/Oesterreichwolke_600x283.jpg&#8220; alt=&#8220;Wolke Modell %22Schnitzelland%22&#8243; icon_placement=&#8220;top&#8220; animation=&#8220;left&#8220; background_layout=&#8220;light&#8220; text_orientation=&#8220;left&#8220; use_icon_font_size=&#8220;off&#8220; use_border_color=&#8220;off&#8220; border_color=&#8220;#ffffff&#8220; border_style=&#8220;solid&#8220;]<\/p>\n<p>Ein dekoratives Modell, sehr beliebt, in verschiedenen Gr\u00f6\u00dfen erh\u00e4ltlich. Hier in der Sch\u00f6nwettervariante, aber auch halbtrocken m\u00f6glich.<\/p>\n<p>Diesem Muster entsprechend k\u00f6nnen auch andere Vorlagen umgesetzt werden, z.B. &#8222;Tacoland&#8220;, &#8222;Pizzaland&#8220;, &#8222;Sushiland&#8220;, &#8222;Junkfoodland&#8220;, &#8222;D\u00f6nerland&#8220; etc.<\/p>\n<p>[\/et_pb_blurb][et_pb_blurb admin_label=&#8220;Copertura&#8220; title=&#8220;Modell %22Copertura%22&#8243; url_new_window=&#8220;off&#8220; use_icon=&#8220;off&#8220; icon_color=&#8220;#7EBEC5&#8243; use_circle=&#8220;off&#8220; circle_color=&#8220;#7EBEC5&#8243; use_circle_border=&#8220;off&#8220; circle_border_color=&#8220;#7EBEC5&#8243; image=&#8220;https:\/\/www.netzausstatter.at\/wolkenwerkstatt\/wp-content\/uploads\/2017\/01\/Copertura_600x450.jpg&#8220; icon_placement=&#8220;top&#8220; animation=&#8220;right&#8220; background_layout=&#8220;light&#8220; text_orientation=&#8220;left&#8220; use_icon_font_size=&#8220;off&#8220; use_border_color=&#8220;off&#8220; border_color=&#8220;#ffffff&#8220; border_style=&#8220;solid&#8220;]<\/p>\n<p>Im Gegensatz zu den andere Modellen steht hier zu 100% der praktische Nutzen im Fokus: Diese Wolke bietet den perfekten Frostschutz f\u00fcr empfindliche landwirtschaftliche Anlagen.<\/p>\n<p>An jedes Tal anpassbar, f\u00fcr unterschiedliche Klimazonen in mehreren Feuchtigkeitsgraden erh\u00e4ltlich.<\/p>\n<p>[\/et_pb_blurb][\/et_pb_column][\/et_pb_row][et_pb_row admin_label=&#8220;Zeile&#8220;][et_pb_column type=&#8220;4_4&#8243;][et_pb_text admin_label=&#8220;Text&#8220; global_module=&#8220;497&#8243; background_layout=&#8220;light&#8220; text_orientation=&#8220;left&#8220; text_font=&#8220;PT Sans||||&#8220; use_border_color=&#8220;off&#8220; border_color=&#8220;#ffffff&#8220; border_style=&#8220;solid&#8220; module_class=&#8220;netzausstatter-anmerkung1&#8243; saved_tabs=&#8220;all&#8220;]<\/p>\n<p>Ein Hinweis: Diese Website ist eine Musterseite von <span style=\"color: #429e2f;\">netzausstatter.at | webdesign en d\u00e9tail<\/span>. Weitere Informationen dazu finden Sie auf der Seite <a href=\"\/ueber_uns\">\u00dcber uns<\/a>.<\/p>\n<p>[\/et_pb_text][\/et_pb_column][\/et_pb_row][\/et_pb_section]<\/p>\n","protected":false},"excerpt":{"rendered":"<p>[et_pb_section admin_label=&#8220;section&#8220;][et_pb_row admin_label=&#8220;Zeile&#8220;][et_pb_column type=&#8220;4_4&#8243;][et_pb_post_title admin_label=&#8220;Posttitel&#8220; title=&#8220;on&#8220; meta=&#8220;off&#8220; author=&#8220;on&#8220; date=&#8220;on&#8220; categories=&#8220;on&#8220; comments=&#8220;on&#8220; featured_image=&#8220;off&#8220; featured_placement=&#8220;below&#8220; parallax_effect=&#8220;on&#8220; parallax_method=&#8220;on&#8220; text_orientation=&#8220;left&#8220; text_color=&#8220;dark&#8220; text_background=&#8220;off&#8220; text_bg_color=&#8220;rgba(255,255,255,0.9)&#8220; module_bg_color=&#8220;rgba(255,255,255,0)&#8220; use_border_color=&#8220;off&#8220; border_color=&#8220;#ffffff&#8220; border_style=&#8220;solid&#8220; title_font_size=&#8220;36px&#8220;] [\/et_pb_post_title][\/et_pb_column][\/et_pb_row][et_pb_row admin_label=&#8220;row&#8220; make_fullwidth=&#8220;off&#8220; use_custom_width=&#8220;off&#8220; width_unit=&#8220;on&#8220; use_custom_gutter=&#8220;off&#8220; allow_player_pause=&#8220;off&#8220; parallax=&#8220;off&#8220; parallax_method=&#8220;off&#8220; make_equal=&#8220;on&#8220; parallax_1=&#8220;off&#8220; parallax_method_1=&#8220;off&#8220; parallax_2=&#8220;off&#8220; parallax_method_2=&#8220;off&#8220; parallax_3=&#8220;off&#8220; parallax_method_3=&#8220;off&#8220;][et_pb_column type=&#8220;1_3&#8243;][et_pb_blurb admin_label=&#8220;Halloween&#8220; title=&#8220;Modell %22Halloween%22&#8243; url_new_window=&#8220;off&#8220; use_icon=&#8220;off&#8220; font_icon=&#8220;%%96%%&#8220; icon_color=&#8220;#8f8f8f&#8220; use_circle=&#8220;off&#8220; circle_color=&#8220;#7EBEC5&#8243; use_circle_border=&#8220;off&#8220; circle_border_color=&#8220;#7EBEC5&#8243; icon_placement=&#8220;top&#8220; animation=&#8220;top&#8220; background_layout=&#8220;light&#8220; [&hellip;]<\/p>\n","protected":false},"author":1,"featured_media":749,"parent":0,"menu_order":0,"comment_status":"closed","ping_status":"closed","template":"","meta":{"_et_pb_use_builder":"on","_et_pb_old_content":"","_et_gb_content_width":""},"_links":{"self":[{"href":"https:\/\/www.netzausstatter.at\/wolkenwerkstatt\/wp-json\/wp\/v2\/pages\/389"}],"collection":[{"href":"https:\/\/www.netzausstatter.at\/wolkenwerkstatt\/wp-json\/wp\/v2\/pages"}],"about":[{"href":"https:\/\/www.netzausstatter.at\/wolkenwerkstatt\/wp-json\/wp\/v2\/types\/page"}],"author":[{"embeddable":true,"href":"https:\/\/www.netzausstatter.at\/wolkenwerkstatt\/wp-json\/wp\/v2\/users\/1"}],"replies":[{"embeddable":true,"href":"https:\/\/www.netzausstatter.at\/wolkenwerkstatt\/wp-json\/wp\/v2\/comments?post=389"}],"version-history":[{"count":18,"href":"https:\/\/www.netzausstatter.at\/wolkenwerkstatt\/wp-json\/wp\/v2\/pages\/389\/revisions"}],"predecessor-version":[{"id":792,"href":"https:\/\/www.netzausstatter.at\/wolkenwerkstatt\/wp-json\/wp\/v2\/pages\/389\/revisions\/792"}],"wp:featuredmedia":[{"embeddable":true,"href":"https:\/\/www.netzausstatter.at\/wolkenwerkstatt\/wp-json\/wp\/v2\/media\/749"}],"wp:attachment":[{"href":"https:\/\/www.netzausstatter.at\/wolkenwerkstatt\/wp-json\/wp\/v2\/media?parent=389"}],"curies":[{"name":"wp","href":"https:\/\/api.w.org\/{rel}","templated":true}]}}